{"id":23,"date":"2021-08-05T18:44:06","date_gmt":"2021-08-05T18:44:06","guid":{"rendered":"https:\/\/www.ufm.edu\/proyecto50\/?page_id=23"},"modified":"2023-03-08T18:47:30","modified_gmt":"2023-03-08T18:47:30","slug":"portada","status":"publish","type":"page","link":"https:\/\/www.ufm.edu\/proyecto50\/","title":{"rendered":"Portada"},"content":{"rendered":"\n\n\t\t\t\t<a href=\"https:\/\/www.ufm.edu\/proyecto50\/50-pensamientos\/\" target=\"_self\" itemprop=\"url\" rel=\"noopener\">\n\t\t\t\t<img loading=\"lazy\" src=\"https:\/\/www.ufm.edu\/proyecto50\/wp-content\/uploads\/2021\/08\/WEbsiteTHE50project-06-1.png\" alt=\"WEbsiteTHE50project-06\" itemprop=\"image\" height=\"585\" width=\"600\" title=\"WEbsiteTHE50project-06\" onerror=\"this.style.display='none'\"  \/>\n\t\t\t\t<\/a>\n\t\t\t\t<a href=\"https:\/\/newmedia.ufm.edu\/coleccion\/el-sueno-imposible-50-anos-de-educacion-en-libertad\/\" target=\"_blank\" rel=\"noopener\" itemprop=\"url\">\n\t\t\t\t<img loading=\"lazy\" src=\"https:\/\/www.ufm.edu\/proyecto50\/wp-content\/uploads\/2022\/03\/Recurso-1.png\" alt=\"Recurso 1\" itemprop=\"image\" height=\"1000\" width=\"1000\" title=\"Recurso 1\" onerror=\"this.style.display='none'\"  \/>\n\t\t\t\t<\/a>\n\t\t\t\t<a href=\"https:\/\/www.ufm.edu\/proyecto50\/libertad\/\" target=\"_self\" itemprop=\"url\" rel=\"noopener\">\n\t\t\t\t<img loading=\"lazy\" src=\"https:\/\/www.ufm.edu\/proyecto50\/wp-content\/uploads\/2022\/08\/AF-UFM-Cuadro-Landing-Agosto-2022.jpg\" alt=\"AF UFM Cuadro Landing Agosto 2022\" itemprop=\"image\" height=\"1000\" width=\"1000\" title=\"AF UFM Cuadro Landing Agosto 2022\" onerror=\"this.style.display='none'\"  \/>\n\t\t\t\t<\/a>\n\t\t\t\t<a href=\"https:\/\/www.ufm.edu\/proyecto50\/posterslibertad\/\" target=\"_blank\" rel=\"noopener\" itemprop=\"url\">\n\t\t\t\t<img loading=\"lazy\" src=\"https:\/\/www.ufm.edu\/proyecto50\/wp-content\/uploads\/2022\/04\/PROYECTO-50-POSTERS.jpg\" alt=\"Print\" itemprop=\"image\" height=\"1009\" width=\"1009\" title=\"Print\" onerror=\"this.style.display='none'\"  \/>\n\t\t\t\t<\/a>\n\t\t\t\t<a href=\"https:\/\/www.ufm.edu\/proyecto50\/50-voces\/\" target=\"_self\" itemprop=\"url\" rel=\"noopener\">\n\t\t\t\t<img loading=\"lazy\" src=\"https:\/\/www.ufm.edu\/proyecto50\/wp-content\/uploads\/2023\/03\/AF-UFM-Cuadros-Web-Marzo-2023-02.jpg\" alt=\"AF UFM Cuadros Web Marzo 2023\" itemprop=\"image\" height=\"1000\" width=\"1000\" title=\"AF UFM Cuadros Web Marzo 2023\" onerror=\"this.style.display='none'\"  \/>\n\t\t\t\t<\/a>\n\t\t\t\t<a href=\"https:\/\/www.ufm.edu\/proyecto50\/video\/\" target=\"_self\" itemprop=\"url\" rel=\"noopener\">\n\t\t\t\t<img loading=\"lazy\" src=\"https:\/\/www.ufm.edu\/proyecto50\/wp-content\/uploads\/2021\/08\/WEbsiteTHE50project-11-1.png\" alt=\"WEbsiteTHE50project-11\" itemprop=\"image\" height=\"586\" width=\"601\" title=\"WEbsiteTHE50project-11\" onerror=\"this.style.display='none'\"  \/>\n\t\t\t\t<\/a>\n\t\t\t\t<a href=\"https:\/\/www.ufm.edu\/proyecto50\/historia\/\" target=\"_self\" itemprop=\"url\" rel=\"noopener\">\n\t\t\t\t<img loading=\"lazy\" src=\"https:\/\/www.ufm.edu\/proyecto50\/wp-content\/uploads\/2021\/08\/WEbsiteTHE50project-12-1.png\" alt=\"WEbsiteTHE50project-12\" itemprop=\"image\" height=\"585\" width=\"600\" title=\"WEbsiteTHE50project-12\" onerror=\"this.style.display='none'\"  \/>\n\t\t\t\t<\/a>\n\t\t\t\t<a href=\"https:\/\/bibliotecamusoayau.ufm.edu\/\" target=\"_blank\" rel=\"noopener\" itemprop=\"url\">\n\t\t\t\t<img loading=\"lazy\" src=\"https:\/\/www.ufm.edu\/proyecto50\/wp-content\/uploads\/2023\/03\/AF-UFM-Cuadros-Web-Marzo-2023-01.jpg\" alt=\"AF UFM Cuadros Web Marzo 2023\" itemprop=\"image\" height=\"1000\" width=\"1000\" title=\"AF UFM Cuadros Web Marzo 2023\" onerror=\"this.style.display='none'\"  \/>\n\t\t\t\t<\/a>\n\t\t\t\t<a href=\"https:\/\/www.ufm.edu\/proyecto50\/campus\/\" target=\"_self\" itemprop=\"url\" rel=\"noopener\">\n\t\t\t\t<img loading=\"lazy\" src=\"https:\/\/www.ufm.edu\/proyecto50\/wp-content\/uploads\/2021\/08\/WEbsiteTHE50project-08-1.png\" alt=\"WEbsiteTHE50project-08\" itemprop=\"image\" height=\"586\" width=\"601\" title=\"WEbsiteTHE50project-08\" onerror=\"this.style.display='none'\"  \/>\n\t\t\t\t<\/a>\n\t\t\t\t<a href=\"https:\/\/www.ufm.edu\/proyecto50\/50-personajes\/\" target=\"_self\" itemprop=\"url\" rel=\"noopener\">\n\t\t\t\t<img loading=\"lazy\" src=\"https:\/\/www.ufm.edu\/proyecto50\/wp-content\/uploads\/2021\/08\/WEbsiteTHE50project-09-1.png\" alt=\"WEbsiteTHE50project-09\" itemprop=\"image\" height=\"586\" width=\"602\" title=\"WEbsiteTHE50project-09\" onerror=\"this.style.display='none'\"  \/>\n\t\t\t\t<\/a>\n\t\t\t\t<a href=\"https:\/\/www.ufm.edu\/proyecto50\/linea-del-tiempo\/\" target=\"_self\" itemprop=\"url\" rel=\"noopener\">\n\t\t\t\t<img loading=\"lazy\" src=\"https:\/\/www.ufm.edu\/proyecto50\/wp-content\/uploads\/2021\/08\/WEbsiteTHE50project-06-1-1.png\" alt=\"WEbsiteTHE50project-06 (1)\" itemprop=\"image\" height=\"585\" width=\"600\" title=\"WEbsiteTHE50project-06 (1)\" onerror=\"this.style.display='none'\"  \/>\n\t\t\t\t<\/a>\n\t\t\t\t<a href=\"https:\/\/ita.ufm.edu\/\" target=\"_blank\" rel=\"noopener\" itemprop=\"url\">\n\t\t\t\t<img loading=\"lazy\" src=\"https:\/\/www.ufm.edu\/proyecto50\/wp-content\/uploads\/2021\/08\/WEbsiteTHE50project-17.png\" alt=\"WEbsiteTHE50project-17\" itemprop=\"image\" height=\"585\" width=\"600\" title=\"WEbsiteTHE50project-17\" onerror=\"this.style.display='none'\"  \/>\n\t\t\t\t<\/a>\n\n","protected":false},"excerpt":{"rendered":"","protected":false},"author":1,"featured_media":0,"parent":0,"menu_order":0,"comment_status":"closed","ping_status":"closed","template":"","meta":[],"yoast_head":"<!-- This site is optimized with the Yoast SEO plugin v16.9 - https:\/\/yoast.com\/wordpress\/plugins\/seo\/ -->\n<title>Universidad Francisco Marroqu\u00edn<\/title>\n<meta name=\"description\" content=\"Nuestra misi\u00f3n es la ense\u00f1anza y difusi\u00f3n de los principios \u00e9ticos, jur\u00eddicos y econ\u00f3micos de una sociedad de personas libres y responsables.\" \/>\n<meta name=\"robots\" content=\"index, follow, max-snippet:-1, max-image-preview:large, max-video-preview:-1\" \/>\n<link rel=\"canonical\" href=\"https:\/\/www.ufm.edu\/proyecto50\/\" \/>\n<meta property=\"og:locale\" content=\"es_ES\" \/>\n<meta property=\"og:type\" content=\"article\" \/>\n<meta property=\"og:title\" content=\"Universidad Francisco Marroqu\u00edn\" \/>\n<meta property=\"og:description\" content=\"Nuestra misi\u00f3n es la ense\u00f1anza y difusi\u00f3n de los principios \u00e9ticos, jur\u00eddicos y econ\u00f3micos de una sociedad de personas libres y responsables.\" \/>\n<meta property=\"og:url\" content=\"https:\/\/www.ufm.edu\/proyecto50\/\" \/>\n<meta property=\"og:site_name\" content=\"El proyecto 50\" \/>\n<meta property=\"article:modified_time\" content=\"2023-03-08T18:47:30+00:00\" \/>\n<meta property=\"og:image\" content=\"https:\/\/www.ufm.edu\/proyecto50\/wp-content\/uploads\/2021\/08\/WEbsiteTHE50project-06-1-300x293.png\" \/>\n<meta name=\"twitter:card\" content=\"summary_large_image\" \/>\n<meta name=\"twitter:label1\" content=\"Tiempo de lectura\" \/>\n\t<meta name=\"twitter:data1\" content=\"3 minutos\" \/>\n<script type=\"application\/ld+json\" class=\"yoast-schema-graph\">{\"@context\":\"https:\/\/schema.org\",\"@graph\":[{\"@type\":\"WebSite\",\"@id\":\"https:\/\/www.ufm.edu\/proyecto50\/#website\",\"url\":\"https:\/\/www.ufm.edu\/proyecto50\/\",\"name\":\"El proyecto 50\",\"description\":\"Universidad Francisco Marroqu\\u00edn\",\"potentialAction\":[{\"@type\":\"SearchAction\",\"target\":{\"@type\":\"EntryPoint\",\"urlTemplate\":\"https:\/\/www.ufm.edu\/proyecto50\/?s={search_term_string}\"},\"query-input\":\"required name=search_term_string\"}],\"inLanguage\":\"es\"},{\"@type\":\"ImageObject\",\"@id\":\"https:\/\/www.ufm.edu\/proyecto50\/#primaryimage\",\"inLanguage\":\"es\",\"url\":\"https:\/\/www.ufm.edu\/proyecto50\/wp-content\/uploads\/2021\/08\/WEbsiteTHE50project-06-1.png\",\"contentUrl\":\"https:\/\/www.ufm.edu\/proyecto50\/wp-content\/uploads\/2021\/08\/WEbsiteTHE50project-06-1.png\",\"width\":600,\"height\":585},{\"@type\":\"WebPage\",\"@id\":\"https:\/\/www.ufm.edu\/proyecto50\/#webpage\",\"url\":\"https:\/\/www.ufm.edu\/proyecto50\/\",\"name\":\"Universidad Francisco Marroqu\\u00edn\",\"isPartOf\":{\"@id\":\"https:\/\/www.ufm.edu\/proyecto50\/#website\"},\"primaryImageOfPage\":{\"@id\":\"https:\/\/www.ufm.edu\/proyecto50\/#primaryimage\"},\"datePublished\":\"2021-08-05T18:44:06+00:00\",\"dateModified\":\"2023-03-08T18:47:30+00:00\",\"description\":\"Nuestra misi\\u00f3n es la ense\\u00f1anza y difusi\\u00f3n de los principios \\u00e9ticos, jur\\u00eddicos y econ\\u00f3micos de una sociedad de personas libres y responsables.\",\"breadcrumb\":{\"@id\":\"https:\/\/www.ufm.edu\/proyecto50\/#breadcrumb\"},\"inLanguage\":\"es\",\"potentialAction\":[{\"@type\":\"ReadAction\",\"target\":[\"https:\/\/www.ufm.edu\/proyecto50\/\"]}]},{\"@type\":\"BreadcrumbList\",\"@id\":\"https:\/\/www.ufm.edu\/proyecto50\/#breadcrumb\",\"itemListElement\":[{\"@type\":\"ListItem\",\"position\":1,\"name\":\"Portada\",\"item\":\"https:\/\/www.ufm.edu\/proyecto50\/\"},{\"@type\":\"ListItem\",\"position\":2,\"name\":\"Portada\"}]}]}<\/script>\n<!-- \/ Yoast SEO plugin. -->","yoast_head_json":{"title":"Universidad Francisco Marroqu\u00edn","description":"Nuestra misi\u00f3n es la ense\u00f1anza y difusi\u00f3n de los principios \u00e9ticos, jur\u00eddicos y econ\u00f3micos de una sociedad de personas libres y responsables.","robots":{"index":"index","follow":"follow","max-snippet":"max-snippet:-1","max-image-preview":"max-image-preview:large","max-video-preview":"max-video-preview:-1"},"canonical":"https:\/\/www.ufm.edu\/proyecto50\/","og_locale":"es_ES","og_type":"article","og_title":"Universidad Francisco Marroqu\u00edn","og_description":"Nuestra misi\u00f3n es la ense\u00f1anza y difusi\u00f3n de los principios \u00e9ticos, jur\u00eddicos y econ\u00f3micos de una sociedad de personas libres y responsables.","og_url":"https:\/\/www.ufm.edu\/proyecto50\/","og_site_name":"El proyecto 50","article_modified_time":"2023-03-08T18:47:30+00:00","og_image":[{"url":"https:\/\/www.ufm.edu\/proyecto50\/wp-content\/uploads\/2021\/08\/WEbsiteTHE50project-06-1-300x293.png"}],"twitter_card":"summary_large_image","twitter_misc":{"Tiempo de lectura":"3 minutos"},"schema":{"@context":"https:\/\/schema.org","@graph":[{"@type":"WebSite","@id":"https:\/\/www.ufm.edu\/proyecto50\/#website","url":"https:\/\/www.ufm.edu\/proyecto50\/","name":"El proyecto 50","description":"Universidad Francisco Marroqu\u00edn","potentialAction":[{"@type":"SearchAction","target":{"@type":"EntryPoint","urlTemplate":"https:\/\/www.ufm.edu\/proyecto50\/?s={search_term_string}"},"query-input":"required name=search_term_string"}],"inLanguage":"es"},{"@type":"ImageObject","@id":"https:\/\/www.ufm.edu\/proyecto50\/#primaryimage","inLanguage":"es","url":"https:\/\/www.ufm.edu\/proyecto50\/wp-content\/uploads\/2021\/08\/WEbsiteTHE50project-06-1.png","contentUrl":"https:\/\/www.ufm.edu\/proyecto50\/wp-content\/uploads\/2021\/08\/WEbsiteTHE50project-06-1.png","width":600,"height":585},{"@type":"WebPage","@id":"https:\/\/www.ufm.edu\/proyecto50\/#webpage","url":"https:\/\/www.ufm.edu\/proyecto50\/","name":"Universidad Francisco Marroqu\u00edn","isPartOf":{"@id":"https:\/\/www.ufm.edu\/proyecto50\/#website"},"primaryImageOfPage":{"@id":"https:\/\/www.ufm.edu\/proyecto50\/#primaryimage"},"datePublished":"2021-08-05T18:44:06+00:00","dateModified":"2023-03-08T18:47:30+00:00","description":"Nuestra misi\u00f3n es la ense\u00f1anza y difusi\u00f3n de los principios \u00e9ticos, jur\u00eddicos y econ\u00f3micos de una sociedad de personas libres y responsables.","breadcrumb":{"@id":"https:\/\/www.ufm.edu\/proyecto50\/#breadcrumb"},"inLanguage":"es","potentialAction":[{"@type":"ReadAction","target":["https:\/\/www.ufm.edu\/proyecto50\/"]}]},{"@type":"BreadcrumbList","@id":"https:\/\/www.ufm.edu\/proyecto50\/#breadcrumb","itemListElement":[{"@type":"ListItem","position":1,"name":"Portada","item":"https:\/\/www.ufm.edu\/proyecto50\/"},{"@type":"ListItem","position":2,"name":"Portada"}]}]}},"meta_box":[],"_links":{"self":[{"href":"https:\/\/www.ufm.edu\/proyecto50\/wp-json\/wp\/v2\/pages\/23"}],"collection":[{"href":"https:\/\/www.ufm.edu\/proyecto50\/wp-json\/wp\/v2\/pages"}],"about":[{"href":"https:\/\/www.ufm.edu\/proyecto50\/wp-json\/wp\/v2\/types\/page"}],"author":[{"embeddable":true,"href":"https:\/\/www.ufm.edu\/proyecto50\/wp-json\/wp\/v2\/users\/1"}],"replies":[{"embeddable":true,"href":"https:\/\/www.ufm.edu\/proyecto50\/wp-json\/wp\/v2\/comments?post=23"}],"version-history":[{"count":44,"href":"https:\/\/www.ufm.edu\/proyecto50\/wp-json\/wp\/v2\/pages\/23\/revisions"}],"predecessor-version":[{"id":45453,"href":"https:\/\/www.ufm.edu\/proyecto50\/wp-json\/wp\/v2\/pages\/23\/revisions\/45453"}],"wp:attachment":[{"href":"https:\/\/www.ufm.edu\/proyecto50\/wp-json\/wp\/v2\/media?parent=23"}],"curies":[{"name":"wp","href":"https:\/\/api.w.org\/{rel}","templated":true}]}}